{"id":1862,"date":"2022-11-02T10:56:45","date_gmt":"2022-11-02T08:56:45","guid":{"rendered":"https:\/\/hardworkercyprus.com\/hakkimizda\/"},"modified":"2023-03-17T10:07:46","modified_gmt":"2023-03-17T08:07:46","slug":"%d0%bd%d0%b0%d1%81%d1%87%d0%b5%d1%82-%d0%bd%d0%b0%d1%81","status":"publish","type":"page","link":"https:\/\/hardworkercyprus.com\/ru\/%d0%bd%d0%b0%d1%81%d1%87%d0%b5%d1%82-%d0%bd%d0%b0%d1%81\/","title":{"rendered":"\u043d\u0430\u0441\u0447\u0435\u0442 \u043d\u0430\u0441"},"content":{"rendered":"\t\t<div data-elementor-type=\"wp-page\" data-elementor-id=\"1862\" class=\"elementor elementor-1862 elementor-10\" data-elementor-post-type=\"page\">\n\t\t\t\t\t\t<section class=\"elementor-section elementor-top-section elementor-element elementor-element-07d48af elementor-section-full_width elementor-section-height-default elementor-section-height-default\" data-id=\"07d48af\" data-element_type=\"section\" data-e-type=\"section\" data-settings=\"{&quot;background_background&quot;:&quot;gradient&quot;}\">\n\t\t\t\t\t\t\t<div class=\"elementor-background-overlay\"><\/div>\n\t\t\t\t\t\t\t<div class=\"elementor-container elementor-column-gap-no\">\n\t\t\t\t\t<div class=\"elementor-column elementor-col-100 elementor-top-column elementor-element elementor-element-7c4184c\" data-id=\"7c4184c\" data-element_type=\"column\" data-e-type=\"column\">\n\t\t\t<div class=\"elementor-widget-wrap\">\n\t\t\t\t\t\t\t<\/div>\n\t\t<\/div>\n\t\t\t\t\t<\/div>\n\t\t<\/section>\n\t\t\t\t<section class=\"elementor-section elementor-top-section elementor-element elementor-element-3bffe1c elementor-section-full_width elementor-section-height-min-height elementor-section-items-stretch elementor-section-height-default\" data-id=\"3bffe1c\" data-element_type=\"section\" data-e-type=\"section\" data-settings=\"{&quot;background_background&quot;:&quot;classic&quot;}\">\n\t\t\t\t\t\t\t<div class=\"elementor-background-overlay\"><\/div>\n\t\t\t\t\t\t\t<div class=\"elementor-container elementor-column-gap-no\">\n\t\t\t\t\t<div class=\"elementor-column elementor-col-25 elementor-top-column elementor-element elementor-element-5f6a2dc\" data-id=\"5f6a2dc\" data-element_type=\"column\" data-e-type=\"column\">\n\t\t\t<div class=\"elementor-widget-wrap elementor-element-populated\">\n\t\t\t\t\t\t<div class=\"elementor-element elementor-element-3d8d53d elementor-widget__width-auto elementor-hidden-desktop elementor-hidden-tablet elementor-hidden-mobile uael-fancytext-stack-no elementor-widget elementor-widget-uael-fancy-heading\" data-id=\"3d8d53d\" data-element_type=\"widget\" data-e-type=\"widget\" data-settings=\"{&quot;fancytext_align&quot;:&quot;center&quot;,&quot;fancytext_space_prefix&quot;:{&quot;unit&quot;:&quot;px&quot;,&quot;size&quot;:&quot;0&quot;,&quot;sizes&quot;:[]},&quot;fancytext_space_prefix_tablet&quot;:{&quot;unit&quot;:&quot;px&quot;,&quot;size&quot;:&quot;&quot;,&quot;sizes&quot;:[]},&quot;fancytext_space_prefix_mobile&quot;:{&quot;unit&quot;:&quot;px&quot;,&quot;size&quot;:&quot;&quot;,&quot;sizes&quot;:[]},&quot;fancytext_min_height&quot;:{&quot;unit&quot;:&quot;px&quot;,&quot;size&quot;:&quot;&quot;,&quot;sizes&quot;:[]},&quot;fancytext_min_height_tablet&quot;:{&quot;unit&quot;:&quot;px&quot;,&quot;size&quot;:&quot;&quot;,&quot;sizes&quot;:[]},&quot;fancytext_min_height_mobile&quot;:{&quot;unit&quot;:&quot;px&quot;,&quot;size&quot;:&quot;&quot;,&quot;sizes&quot;:[]}}\" data-widget_type=\"uael-fancy-heading.default\">\n\t\t\t\t<div class=\"elementor-widget-container\">\n\t\t\t\t\t\t\t<div class=\"uael-module-content uael-fancy-text-node \" data-type-speed=\"50\" data-animation=\"type\" data-back-speed=\"20\" data-start-delay=\"0\" data-back-delay=\"2400\" data-loop=\"true\" data-show-cursor=\"false\" data-cursor-char=\"\" data-strings=\"[&quot;Freshly Baked&quot;,&quot;Organic Ingredients&quot;,&quot;Flavorous &amp; Tasty&quot;]\">\n\t\t\t\t\t\t\t\t\t\t\t<h2 class=\"uael-fancy-text-wrap uael-fancy-text-type\">\n\t\t\t\t\t\t\t\t\t\t\t<span class=\"uael-fancy-stack\">\n\t\t\t\t\t\t\t\t\t\t\t<span class=\"uael-fancy-heading uael-fancy-text-main uael-typed-main-wrap \"><span class=\"uael-typed-main\"><\/span><span class=\"uael-text-holder\">.<\/span><\/span>\n\t\t\t\t\t\t\t\t\t\t\t\t<\/span>\n\t\t\t\t\t\t\t\t\t<\/h2>\t\t\t\t\t<\/div>\n\t\t\t\t\t\t<\/div>\n\t\t\t\t<\/div>\n\t\t\t\t\t<\/div>\n\t\t<\/div>\n\t\t\t\t<div class=\"elementor-column elementor-col-25 elementor-top-column elementor-element elementor-element-36fb35d\" data-id=\"36fb35d\" data-element_type=\"column\" data-e-type=\"column\">\n\t\t\t<div class=\"elementor-widget-wrap\">\n\t\t\t\t\t\t\t<\/div>\n\t\t<\/div>\n\t\t\t\t<div class=\"elementor-column elementor-col-25 elementor-top-column elementor-element elementor-element-c3afd96\" data-id=\"c3afd96\" data-element_type=\"column\" data-e-type=\"column\" data-settings=\"{&quot;background_background&quot;:&quot;classic&quot;}\">\n\t\t\t<div class=\"elementor-widget-wrap elementor-element-populated\">\n\t\t\t\t\t\t<div class=\"elementor-element elementor-element-4291742 elementor-widget elementor-widget-heading\" data-id=\"4291742\" data-element_type=\"widget\" data-e-type=\"widget\" data-widget_type=\"heading.default\">\n\t\t\t\t<div class=\"elementor-widget-container\">\n\t\t\t\t\t<h4 class=\"elementor-heading-title elementor-size-default\">HAKKIMIZDA<\/h4>\t\t\t\t<\/div>\n\t\t\t\t<\/div>\n\t\t\t\t<div class=\"elementor-element elementor-element-9adcb1d elementor-widget elementor-widget-heading\" data-id=\"9adcb1d\" data-element_type=\"widget\" data-e-type=\"widget\" data-widget_type=\"heading.default\">\n\t\t\t\t<div class=\"elementor-widget-container\">\n\t\t\t\t\t<h6 class=\"elementor-heading-title elementor-size-default\">HW in\u015faat firmas\u0131 2022 y\u0131l\u0131nda kurulan in\u015faat emlak firmas\u0131d\u0131r. Firmam\u0131z kurucular\u0131 in\u015faat sekt\u00f6r\u00fcn\u00fcn farkl\u0131 alanlar\u0131nda farkl\u0131 firma isimleri alt\u0131nda 30 y\u0131l a\u015fk\u0131nd\u0131r hizmet vermektedir. Bu hizmet alanlar\u0131 \u0130n\u015faat Ta\u015feronlu\u011fu - Yap\u0131 Malzemeleri - Altyap\u0131 \u2013 \u00dcstyap\u0131 sekt\u00f6rleri olup bu konudaki deneyimlerini Hardworker Construction Estate \u015firketi ile in\u015faat yap\u0131 olarak s\u00fcrd\u00fcrmek \u00fczere kurulmu\u015f bir firmad\u0131r.<br><br>Uzmanlardan olu\u015fan ve \u015firketimizin ad\u0131na hakk\u0131na veren \u201c\u00e7al\u0131\u015fkan\u201d ekibimizle, kaliteden, g\u00fcvenlikten ve detaylara verilen \u00f6nemden \u00f6d\u00fcn vermeden projelerimizi zaman\u0131nda teslim etmek ba\u015fl\u0131ca ilkelerimizdendir.<br><br><br>D\u00fcr\u00fcstl\u00fck ve m\u00fckemmelli\u011fe olan ba\u011fl\u0131l\u0131\u011f\u0131m\u0131zla m\u00fc\u015fterilerimiz, tedarik\u00e7ilerimiz ve toplumumuzla g\u00fc\u00e7l\u00fc, kal\u0131c\u0131 ili\u015fkiler kurmaya kararl\u0131y\u0131z.<br><\/h6>\t\t\t\t<\/div>\n\t\t\t\t<\/div>\n\t\t\t\t<div class=\"elementor-element elementor-element-4ea1c13 elementor-widget elementor-widget-spacer\" data-id=\"4ea1c13\" data-element_type=\"widget\" data-e-type=\"widget\" data-widget_type=\"spacer.default\">\n\t\t\t\t<div class=\"elementor-widget-container\">\n\t\t\t\t\t\t\t<div class=\"elementor-spacer\">\n\t\t\t<div class=\"elementor-spacer-inner\"><\/div>\n\t\t<\/div>\n\t\t\t\t\t\t<\/div>\n\t\t\t\t<\/div>\n\t\t\t\t<div class=\"elementor-element elementor-element-49f7ab2 elementor-widget elementor-widget-heading\" data-id=\"49f7ab2\" data-element_type=\"widget\" data-e-type=\"widget\" data-widget_type=\"heading.default\">\n\t\t\t\t<div class=\"elementor-widget-container\">\n\t\t\t\t\t<h4 class=\"elementor-heading-title elementor-size-default\">M\u0130SYONUMUZ<\/h4>\t\t\t\t<\/div>\n\t\t\t\t<\/div>\n\t\t\t\t<div class=\"elementor-element elementor-element-e04e533 elementor-widget elementor-widget-heading\" data-id=\"e04e533\" data-element_type=\"widget\" data-e-type=\"widget\" data-widget_type=\"heading.default\">\n\t\t\t\t<div class=\"elementor-widget-container\">\n\t\t\t\t\t<h6 class=\"elementor-heading-title elementor-size-default\">\u00c7a\u011fda\u015f, bilime ve teknolojiye \u00f6nem veren ilerici bir vizyonla \u00e7al\u0131\u015fma ufkumuzu geni\u015fleterek sundu\u011fumuz projelerimizle, m\u00fc\u015fterilerimize ve b\u00f6lgemize refah katmak, \u00fclkemizdeki sayg\u0131n ve kaliteli \u015firketler aras\u0131na girmek en b\u00fcy\u00fck amac\u0131m\u0131zd\u0131r. Projelerin ba\u015f\u0131ndan sonuna dek uzmanlar\u0131n tercih ve tasar\u0131mlar\u0131ndan, kaliteli malzemeden, ve konut g\u00fcvenli\u011finden asla \u00f6d\u00fcn vermeyip, m\u00fc\u015fteri memnuniyetini en \u00fcst d\u00fczeyde s\u00fcrd\u00fcrmeyi ama\u00e7l\u0131yoruz.<\/h6>\t\t\t\t<\/div>\n\t\t\t\t<\/div>\n\t\t\t\t\t<\/div>\n\t\t<\/div>\n\t\t\t\t<div class=\"elementor-column elementor-col-25 elementor-top-column elementor-element elementor-element-c4ad0a3\" data-id=\"c4ad0a3\" data-element_type=\"column\" data-e-type=\"column\">\n\t\t\t<div class=\"elementor-widget-wrap\">\n\t\t\t\t\t\t\t<\/div>\n\t\t<\/div>\n\t\t\t\t\t<\/div>\n\t\t<\/section>\n\t\t\t\t<section class=\"elementor-section elementor-top-section elementor-element elementor-element-aefcad6 elementor-section-boxed elementor-section-height-default elementor-section-height-default\" data-id=\"aefcad6\" data-element_type=\"section\" data-e-type=\"section\">\n\t\t\t\t\t\t<div class=\"elementor-container elementor-column-gap-default\">\n\t\t\t\t\t<div class=\"elementor-column elementor-col-100 elementor-top-column elementor-element elementor-element-d47bdaa\" data-id=\"d47bdaa\" data-element_type=\"column\" data-e-type=\"column\">\n\t\t\t<div class=\"elementor-widget-wrap\">\n\t\t\t\t\t\t\t<\/div>\n\t\t<\/div>\n\t\t\t\t\t<\/div>\n\t\t<\/section>\n\t\t\t\t<\/div>\n\t\t","protected":false},"excerpt":{"rendered":"<p>. HAKKIMIZDA HW in\u015faat firmas\u0131 2022 y\u0131l\u0131nda kurulan in\u015faat emlak firmas\u0131d\u0131r. Firmam\u0131z kurucular\u0131 in\u015faat sekt\u00f6r\u00fcn\u00fcn farkl\u0131 alanlar\u0131nda farkl\u0131 firma isimleri alt\u0131nda 30 y\u0131l a\u015fk\u0131nd\u0131r hizmet vermektedir. Bu hizmet alanlar\u0131 \u0130n\u015faat Ta\u015feronlu\u011fu &#8212; Yap\u0131 Malzemeleri &#8212; Altyap\u0131 \u2013 \u00dcstyap\u0131 sekt\u00f6rleri olup bu konudaki deneyimlerini Hardworker Construction Estate \u015firketi ile in\u015faat yap\u0131 olarak s\u00fcrd\u00fcrmek \u00fczere kurulmu\u015f bir [&hellip;]<\/p>\n","protected":false},"author":1,"featured_media":0,"parent":0,"menu_order":0,"comment_status":"closed","ping_status":"closed","template":"","meta":{"site-sidebar-layout":"no-sidebar","site-content-layout":"page-builder","ast-site-content-layout":"default","site-content-style":"default","site-sidebar-style":"default","ast-global-header-display":"","ast-banner-title-visibility":"","ast-main-header-display":"","ast-hfb-above-header-display":"","ast-hfb-below-header-display":"","ast-hfb-mobile-header-display":"","site-post-title":"disabled","ast-breadcrumbs-content":"","ast-featured-img":"disabled","footer-sml-layout":"","ast-disable-related-posts":"","theme-transparent-header-meta":"enabled","adv-header-id-meta":"","stick-header-meta":"","header-above-stick-meta":"","header-main-stick-meta":"","header-below-stick-meta":"","astra-migrate-meta-layouts":"default","ast-page-background-enabled":"default","ast-page-background-meta":{"desktop":{"background-color":"var(--ast-global-color-4)","background-image":"","background-repeat":"repeat","background-position":"center center","background-size":"auto","background-attachment":"scroll","background-type":"","background-media":"","overlay-type":"","overlay-color":"","overlay-opacity":"","overlay-gradient":""},"tablet":{"background-color":"","background-image":"","background-repeat":"repeat","background-position":"center center","background-size":"auto","background-attachment":"scroll","background-type":"","background-media":"","overlay-type":"","overlay-color":"","overlay-opacity":"","overlay-gradient":""},"mobile":{"background-color":"","background-image":"","background-repeat":"repeat","background-position":"center center","background-size":"auto","background-attachment":"scroll","background-type":"","background-media":"","overlay-type":"","overlay-color":"","overlay-opacity":"","overlay-gradient":""}},"ast-content-background-meta":{"desktop":{"background-color":"var(--ast-global-color-5)","background-image":"","background-repeat":"repeat","background-position":"center center","background-size":"auto","background-attachment":"scroll","background-type":"","background-media":"","overlay-type":"","overlay-color":"","overlay-opacity":"","overlay-gradient":""},"tablet":{"background-color":"var(--ast-global-color-5)","background-image":"","background-repeat":"repeat","background-position":"center center","background-size":"auto","background-attachment":"scroll","background-type":"","background-media":"","overlay-type":"","overlay-color":"","overlay-opacity":"","overlay-gradient":""},"mobile":{"background-color":"var(--ast-global-color-5)","background-image":"","background-repeat":"repeat","background-position":"center center","background-size":"auto","background-attachment":"scroll","background-type":"","background-media":"","overlay-type":"","overlay-color":"","overlay-opacity":"","overlay-gradient":""}},"footnotes":""},"class_list":["post-1862","page","type-page","status-publish","hentry"],"_links":{"self":[{"href":"https:\/\/hardworkercyprus.com\/ru\/wp-json\/wp\/v2\/pages\/1862","targetHints":{"allow":["GET"]}}],"collection":[{"href":"https:\/\/hardworkercyprus.com\/ru\/wp-json\/wp\/v2\/pages"}],"about":[{"href":"https:\/\/hardworkercyprus.com\/ru\/wp-json\/wp\/v2\/types\/page"}],"author":[{"embeddable":true,"href":"https:\/\/hardworkercyprus.com\/ru\/wp-json\/wp\/v2\/users\/1"}],"replies":[{"embeddable":true,"href":"https:\/\/hardworkercyprus.com\/ru\/wp-json\/wp\/v2\/comments?post=1862"}],"version-history":[{"count":3,"href":"https:\/\/hardworkercyprus.com\/ru\/wp-json\/wp\/v2\/pages\/1862\/revisions"}],"predecessor-version":[{"id":1974,"href":"https:\/\/hardworkercyprus.com\/ru\/wp-json\/wp\/v2\/pages\/1862\/revisions\/1974"}],"wp:attachment":[{"href":"https:\/\/hardworkercyprus.com\/ru\/wp-json\/wp\/v2\/media?parent=1862"}],"curies":[{"name":"wp","href":"https:\/\/api.w.org\/{rel}","templated":true}]}}